{"id":371,"date":"2016-10-06T12:37:14","date_gmt":"2016-10-06T10:37:14","guid":{"rendered":"http:\/\/www.liberabg.it\/l\/?page_id=371"},"modified":"2025-05-20T13:14:25","modified_gmt":"2025-05-20T11:14:25","slug":"osservatorio","status":"publish","type":"page","link":"https:\/\/www.liberabg.it\/index.php\/osservatorio\/","title":{"rendered":"Osservatorio"},"content":{"rendered":"\t\t<div data-elementor-type=\"wp-page\" data-elementor-id=\"371\" class=\"elementor elementor-371\">\n\t\t\t\t\t\t<section class=\"elementor-section elementor-top-section elementor-element elementor-element-42a9476 elementor-section-boxed elementor-section-height-default elementor-section-height-default\" data-id=\"42a9476\" data-element_type=\"section\" data-e-type=\"section\">\n\t\t\t\t\t\t<div class=\"elementor-container elementor-column-gap-default\">\n\t\t\t\t\t<div class=\"elementor-column elementor-col-100 elementor-top-column elementor-element elementor-element-219d85ae\" data-id=\"219d85ae\" data-element_type=\"column\" data-e-type=\"column\">\n\t\t\t<div class=\"elementor-widget-wrap elementor-element-populated\">\n\t\t\t\t\t\t<div class=\"elementor-element elementor-element-165a433f elementor-widget elementor-widget-text-editor\" data-id=\"165a433f\" data-element_type=\"widget\" data-e-type=\"widget\" data-widget_type=\"text-editor.default\">\n\t\t\t\t<div class=\"elementor-widget-container\">\n\t\t\t\t\t\t\t\t\t<h3>Osservatorio sulle Mafie<\/h3>\nNegli ultimi anni, anche in Bergamasca si \u00e8 fatta sempre pi\u00f9 forte l&#8217;esigenza di monitorare la presenza, le attivit\u00e0, l&#8217;insediamento delle mafie e della criminalit\u00e0 organizzata. Attraverso un lavoro di rassegna stampa su media locali e nazionali, la consultazione di documenti istituzionali, l&#8217;esame di atti giudiziari e di altre fonti ancora, l&#8217;<strong>Osservatorio sulle mafie in Bergamasca<\/strong> del coordinamento di Libera Bergamo \u00e8 impegnato quotidianamente nella raccolta di informazioni circa il grado di penetrazione e insediamento della criminalit\u00e0 organizzata nel nostro territorio.\nIl <strong>23 maggio 2016<\/strong>, presso la sede della Provincia, \u00e8 stato presentato il volume <a href=\"http:\/\/www.liberabg.it\/l\/wp-content\/uploads\/2016\/10\/Dossier_mafie_Libera_BG.pdf\" target=\"_blank\" rel=\"noopener\">\u00abMafie e criminalit\u00e0 organizzata in provincia di Bergamo\u00bb<\/a>, una pubblicazione che raccoglie 314 episodi significativi sulla tematica. Da allora l\u2019Osservatorio pubblica un dossier annuale di aggiornamento. Dal 2025 \u00e8 possibile <a href=\"https:\/\/www.liberabg.it\/index.php\/eventi-dossier-mafie-in-bergamasca\/\" target=\"_blank\" rel=\"noopener\">consultare e scaricare<\/a> il database di tutti gli eventi pubblicati nei dossier.\n\nPer una analisi ragionata sull&#8217;argomento, abbiamo a disposizione anche la <strong>tesi di Laurea<\/strong> di Luca Bonzanni, con relatore Nando dalla Chiesa, dal titolo <a href=\"http:\/\/www.liberabg.it\/l\/wp-content\/uploads\/2015\/04\/2014_TesiLaureaLucaBonzanni.pdf\" target=\"_blank\" rel=\"noopener\">&#8220;Le organizzazioni criminali in provincia di Bergamo: un modella pluralista&#8221;<\/a>.\n\nOltre a questa attivit\u00e0 di studio e raccolta informazioni, l&#8217;Osservatorio \u00e8 impegnato in <strong>interventi nelle scuole e iniziative pubbliche<\/strong> per esporre il proprio lavoro e far conoscere la presenza delle mafie in terra bergamasca.\t\t\t\t\t\t\t\t<\/div>\n\t\t\t\t<\/div>\n\t\t\t\t\t<\/div>\n\t\t<\/div>\n\t\t\t\t\t<\/div>\n\t\t<\/section>\n\t\t\t\t<\/div>\n\t\t","protected":false},"excerpt":{"rendered":"<p>Osservatorio sulle Mafie Negli ultimi anni, anche in Bergamasca si \u00e8 fatta sempre pi\u00f9 forte l&#8217;esigenza di monitorare la presenza, le attivit\u00e0, l&#8217;insediamento delle mafie e della criminalit\u00e0 organizzata. Attraverso un lavoro di rassegna stampa su media locali e nazionali, la consultazione di documenti istituzionali, l&#8217;esame di atti giudiziari e &hellip;<\/p>\n","protected":false},"author":1,"featured_media":0,"parent":0,"menu_order":0,"comment_status":"closed","ping_status":"closed","template":"","meta":{"jetpack_post_was_ever_published":false,"footnotes":""},"class_list":["post-371","page","type-page","status-publish","hentry"],"jetpack_sharing_enabled":true,"jetpack_shortlink":"https:\/\/wp.me\/P7YFQD-5Z","_links":{"self":[{"href":"https:\/\/www.liberabg.it\/index.php\/wp-json\/wp\/v2\/pages\/371","targetHints":{"allow":["GET"]}}],"collection":[{"href":"https:\/\/www.liberabg.it\/index.php\/wp-json\/wp\/v2\/pages"}],"about":[{"href":"https:\/\/www.liberabg.it\/index.php\/wp-json\/wp\/v2\/types\/page"}],"author":[{"embeddable":true,"href":"https:\/\/www.liberabg.it\/index.php\/wp-json\/wp\/v2\/users\/1"}],"replies":[{"embeddable":true,"href":"https:\/\/www.liberabg.it\/index.php\/wp-json\/wp\/v2\/comments?post=371"}],"version-history":[{"count":21,"href":"https:\/\/www.liberabg.it\/index.php\/wp-json\/wp\/v2\/pages\/371\/revisions"}],"predecessor-version":[{"id":2571,"href":"https:\/\/www.liberabg.it\/index.php\/wp-json\/wp\/v2\/pages\/371\/revisions\/2571"}],"wp:attachment":[{"href":"https:\/\/www.liberabg.it\/index.php\/wp-json\/wp\/v2\/media?parent=371"}],"curies":[{"name":"wp","href":"https:\/\/api.w.org\/{rel}","templated":true}]}}