{"id":856,"date":"2018-06-23T12:21:12","date_gmt":"2018-06-23T10:21:12","guid":{"rendered":"http:\/\/www.liberabg.it\/?page_id=856"},"modified":"2022-03-18T22:56:51","modified_gmt":"2022-03-18T21:56:51","slug":"gorlago-contrada-busneto","status":"publish","type":"page","link":"http:\/\/www.liberabg.it\/index.php\/beni-confiscati\/gorlago-contrada-busneto\/","title":{"rendered":"GORLAGO (CONTRADA BUSNETO)"},"content":{"rendered":"\t\t<div data-elementor-type=\"wp-page\" data-elementor-id=\"856\" class=\"elementor elementor-856\">\n\t\t\t\t\t\t<section class=\"elementor-section elementor-top-section elementor-element elementor-element-724357e7 elementor-section-boxed elementor-section-height-default elementor-section-height-default\" data-id=\"724357e7\" data-element_type=\"section\" data-e-type=\"section\">\n\t\t\t\t\t\t<div class=\"elementor-container elementor-column-gap-default\">\n\t\t\t\t\t<div class=\"elementor-column elementor-col-100 elementor-top-column elementor-element elementor-element-1157b7cd\" data-id=\"1157b7cd\" data-element_type=\"column\" data-e-type=\"column\">\n\t\t\t<div class=\"elementor-widget-wrap elementor-element-populated\">\n\t\t\t\t\t\t<div class=\"elementor-element elementor-element-844eca0 elementor-widget elementor-widget-heading\" data-id=\"844eca0\" data-element_type=\"widget\" data-e-type=\"widget\" data-widget_type=\"heading.default\">\n\t\t\t\t<div class=\"elementor-widget-container\">\n\t\t\t\t\t<h2 class=\"elementor-heading-title elementor-size-default\">GORLAGO: VILLA<\/h2>\t\t\t\t<\/div>\n\t\t\t\t<\/div>\n\t\t\t\t<div class=\"elementor-element elementor-element-f9ef1d8 elementor-widget elementor-widget-text-editor\" data-id=\"f9ef1d8\" data-element_type=\"widget\" data-e-type=\"widget\" data-widget_type=\"text-editor.default\">\n\t\t\t\t<div class=\"elementor-widget-container\">\n\t\t\t\t\t\t\t\t\t<p>\u00a0<\/p><p>Bene confiscato alla famiglia Hudorovic per i suoi legami con la criminalit\u00e0 e riassegnato al comune di Gorlago nel Novembre del 2015.<\/p><p>La villa \u00e8 stata abbattuta nel febbraio del 2016 e diventer\u00e0 un centro sovracomunale per l&#8217;autismo.<\/p>\t\t\t\t\t\t\t\t<\/div>\n\t\t\t\t<\/div>\n\t\t\t\t\t<\/div>\n\t\t<\/div>\n\t\t\t\t\t<\/div>\n\t\t<\/section>\n\t\t\t\t<section class=\"elementor-section elementor-top-section elementor-element elementor-element-b6db211 elementor-section-boxed elementor-section-height-default elementor-section-height-default\" data-id=\"b6db211\" data-element_type=\"section\" data-e-type=\"section\">\n\t\t\t\t\t\t<div class=\"elementor-container elementor-column-gap-default\">\n\t\t\t\t\t<div class=\"elementor-column elementor-col-100 elementor-top-column elementor-element elementor-element-1d2837a\" data-id=\"1d2837a\" data-element_type=\"column\" data-e-type=\"column\">\n\t\t\t<div class=\"elementor-widget-wrap elementor-element-populated\">\n\t\t\t\t\t\t<div class=\"elementor-element elementor-element-dbb4cae elementor-widget elementor-widget-text-editor\" data-id=\"dbb4cae\" data-element_type=\"widget\" data-e-type=\"widget\" data-widget_type=\"text-editor.default\">\n\t\t\t\t<div class=\"elementor-widget-container\">\n\t\t\t\t\t\t\t\t\t<p><strong>ARTICOLI DI GIORNALE:<\/strong><\/p><ul><li><a href=\"http:\/\/www.liberabg.it\/l\/wp-content\/uploads\/2018\/06\/EdB_20150219-bene-Gorlago.pdf\">L&#8217;Eco di Bergamo, 19 febbraio 2016<\/a><\/li><li><a href=\"http:\/\/www.liberabg.it\/l\/wp-content\/uploads\/2018\/06\/Bene-confiscato-a-Gorlago-Eco_20160204.pdf\">L&#8217;Eco di Bergamo, 04 febbraio 2016<\/a><\/li><li><a href=\"http:\/\/www.liberabg.it\/l\/wp-content\/uploads\/2018\/06\/20150629-villa-confiscata-Gorlago.pdf\">L&#8217;Eco di Bergamo, 29 giugno 2015<\/a><\/li><\/ul>\t\t\t\t\t\t\t\t<\/div>\n\t\t\t\t<\/div>\n\t\t\t\t\t<\/div>\n\t\t<\/div>\n\t\t\t\t\t<\/div>\n\t\t<\/section>\n\t\t\t\t<section class=\"elementor-section elementor-top-section elementor-element elementor-element-fde0d3f elementor-section-boxed elementor-section-height-default elementor-section-height-default\" data-id=\"fde0d3f\" data-element_type=\"section\" data-e-type=\"section\">\n\t\t\t\t\t\t<div class=\"elementor-container elementor-column-gap-default\">\n\t\t\t\t\t<div class=\"elementor-column elementor-col-100 elementor-top-column elementor-element elementor-element-0dff5b2\" data-id=\"0dff5b2\" data-element_type=\"column\" data-e-type=\"column\">\n\t\t\t<div class=\"elementor-widget-wrap elementor-element-populated\">\n\t\t\t\t\t\t<div class=\"elementor-element elementor-element-f9c4d41 elementor-widget elementor-widget-text-editor\" data-id=\"f9c4d41\" data-element_type=\"widget\" data-e-type=\"widget\" data-widget_type=\"text-editor.default\">\n\t\t\t\t<div class=\"elementor-widget-container\">\n\t\t\t\t\t\t\t\t\t<p><strong>DOCUMENTI VARI:<\/strong><\/p><ul><li><a href=\"http:\/\/www.liberabg.it\/l\/wp-content\/uploads\/2018\/06\/Verbale-incontro-Gorlago-Maggio-2016.pdf\">Verbale incontro Gorlago, Maggio 2016<\/a><\/li><li><a href=\"http:\/\/www.liberabg.it\/l\/wp-content\/uploads\/2018\/06\/decreto-gorlago.pdf\">Decreto Gorlago, 17 novembre 2015<\/a><\/li><li><a href=\"http:\/\/www.liberabg.it\/l\/wp-content\/uploads\/2018\/06\/Hudorovich-Gorlago.pdf\">La famiglia Hudorovich<\/a><\/li><\/ul>\t\t\t\t\t\t\t\t<\/div>\n\t\t\t\t<\/div>\n\t\t\t\t\t<\/div>\n\t\t<\/div>\n\t\t\t\t\t<\/div>\n\t\t<\/section>\n\t\t\t\t<\/div>\n\t\t","protected":false},"excerpt":{"rendered":"<p>GORLAGO: VILLA \u00a0 Bene confiscato alla famiglia Hudorovic per i suoi legami con la criminalit\u00e0 e riassegnato al comune di Gorlago nel Novembre del 2015. La villa \u00e8 stata abbattuta nel febbraio del 2016 e diventer\u00e0 un centro sovracomunale per l&#8217;autismo. ARTICOLI DI GIORNALE: L&#8217;Eco di Bergamo, 19 febbraio 2016 &hellip;<\/p>\n","protected":false},"author":5,"featured_media":0,"parent":369,"menu_order":0,"comment_status":"closed","ping_status":"closed","template":"","meta":{"jetpack_post_was_ever_published":false,"footnotes":""},"class_list":["post-856","page","type-page","status-publish","hentry"],"jetpack_sharing_enabled":true,"jetpack_shortlink":"https:\/\/wp.me\/P7YFQD-dO","_links":{"self":[{"href":"http:\/\/www.liberabg.it\/index.php\/wp-json\/wp\/v2\/pages\/856","targetHints":{"allow":["GET"]}}],"collection":[{"href":"http:\/\/www.liberabg.it\/index.php\/wp-json\/wp\/v2\/pages"}],"about":[{"href":"http:\/\/www.liberabg.it\/index.php\/wp-json\/wp\/v2\/types\/page"}],"author":[{"embeddable":true,"href":"http:\/\/www.liberabg.it\/index.php\/wp-json\/wp\/v2\/users\/5"}],"replies":[{"embeddable":true,"href":"http:\/\/www.liberabg.it\/index.php\/wp-json\/wp\/v2\/comments?post=856"}],"version-history":[{"count":7,"href":"http:\/\/www.liberabg.it\/index.php\/wp-json\/wp\/v2\/pages\/856\/revisions"}],"predecessor-version":[{"id":1557,"href":"http:\/\/www.liberabg.it\/index.php\/wp-json\/wp\/v2\/pages\/856\/revisions\/1557"}],"up":[{"embeddable":true,"href":"http:\/\/www.liberabg.it\/index.php\/wp-json\/wp\/v2\/pages\/369"}],"wp:attachment":[{"href":"http:\/\/www.liberabg.it\/index.php\/wp-json\/wp\/v2\/media?parent=856"}],"curies":[{"name":"wp","href":"https:\/\/api.w.org\/{rel}","templated":true}]}}