{"id":810,"date":"2018-06-19T09:18:07","date_gmt":"2018-06-19T07:18:07","guid":{"rendered":"http:\/\/www.liberabg.it\/?page_id=810"},"modified":"2022-03-18T22:39:10","modified_gmt":"2022-03-18T21:39:10","slug":"terno-disola-via-boccaccio-zona-roccolo-2","status":"publish","type":"page","link":"http:\/\/www.liberabg.it\/index.php\/beni-confiscati\/terno-disola-via-boccaccio-zona-roccolo-2\/","title":{"rendered":"TERNO D&#8217;ISOLA (VIA BOCCACCIO, ZONA ROCCOLO 2)"},"content":{"rendered":"\t\t<div data-elementor-type=\"wp-page\" data-elementor-id=\"810\" class=\"elementor elementor-810\">\n\t\t\t\t\t\t<section class=\"elementor-section elementor-top-section elementor-element elementor-element-5681b1e0 elementor-section-boxed elementor-section-height-default elementor-section-height-default\" data-id=\"5681b1e0\" data-element_type=\"section\" data-e-type=\"section\">\n\t\t\t\t\t\t<div class=\"elementor-container elementor-column-gap-default\">\n\t\t\t\t\t<div class=\"elementor-column elementor-col-100 elementor-top-column elementor-element elementor-element-ad0dfdd\" data-id=\"ad0dfdd\" data-element_type=\"column\" data-e-type=\"column\">\n\t\t\t<div class=\"elementor-widget-wrap elementor-element-populated\">\n\t\t\t\t\t\t<div class=\"elementor-element elementor-element-5a2cc37 elementor-widget elementor-widget-heading\" data-id=\"5a2cc37\" data-element_type=\"widget\" data-e-type=\"widget\" data-widget_type=\"heading.default\">\n\t\t\t\t<div class=\"elementor-widget-container\">\n\t\t\t\t\t<h2 class=\"elementor-heading-title elementor-size-default\">TERNO D'ISOLA, Via Boccaccio: VILLA<\/h2>\t\t\t\t<\/div>\n\t\t\t\t<\/div>\n\t\t\t\t<div class=\"elementor-element elementor-element-63a85d0 elementor-widget elementor-widget-text-editor\" data-id=\"63a85d0\" data-element_type=\"widget\" data-e-type=\"widget\" data-widget_type=\"text-editor.default\">\n\t\t\t\t<div class=\"elementor-widget-container\">\n\t\t\t\t\t\t\t\t\t<p>Questo bene \u00e8 stato confiscato alla mafia ed \u00e8 diventato un&#8217;abitazione per padri in difficolt\u00e0. Il bene \u00e8 stato restituito alla collettivit\u00e0 ed \u00e8 stato inaugurato sabato 11 Ottobre 2014 sotto il nome di &#8220;Casa dei pap\u00e0&#8221;.<\/p>\t\t\t\t\t\t\t\t<\/div>\n\t\t\t\t<\/div>\n\t\t\t\t<div class=\"elementor-element elementor-element-67b3770f elementor-widget elementor-widget-text-editor\" data-id=\"67b3770f\" data-element_type=\"widget\" data-e-type=\"widget\" data-widget_type=\"text-editor.default\">\n\t\t\t\t<div class=\"elementor-widget-container\">\n\t\t\t\t\t\t\t\t\t<p><img decoding=\"async\" class=\"size-full wp-image-809 alignleft\" style=\"text-indent: 0em; color: var( --e-global-color-text );\" src=\"http:\/\/www.liberabg.it\/l\/wp-content\/uploads\/2018\/06\/terno-confiscata-alla-mafia-diventa-casa-dei-papa-separati_218d4ce6-73fc-11e3-97d5-cc3423bd5016_cougar_image.jpg\" alt=\"\" width=\"250\" height=\"184\" \/><\/p><p>\u00a0<\/p><p><br \/><br \/><\/p>\t\t\t\t\t\t\t\t<\/div>\n\t\t\t\t<\/div>\n\t\t\t\t\t<\/div>\n\t\t<\/div>\n\t\t\t\t\t<\/div>\n\t\t<\/section>\n\t\t\t\t<section class=\"elementor-section elementor-top-section elementor-element elementor-element-f335f05 elementor-section-boxed elementor-section-height-default elementor-section-height-default\" data-id=\"f335f05\" data-element_type=\"section\" data-e-type=\"section\">\n\t\t\t\t\t\t<div class=\"elementor-container elementor-column-gap-default\">\n\t\t\t\t\t<div class=\"elementor-column elementor-col-100 elementor-top-column elementor-element elementor-element-079d6f1\" data-id=\"079d6f1\" data-element_type=\"column\" data-e-type=\"column\">\n\t\t\t<div class=\"elementor-widget-wrap elementor-element-populated\">\n\t\t\t\t\t\t<div class=\"elementor-element elementor-element-3e43779 elementor-widget elementor-widget-text-editor\" data-id=\"3e43779\" data-element_type=\"widget\" data-e-type=\"widget\" data-widget_type=\"text-editor.default\">\n\t\t\t\t<div class=\"elementor-widget-container\">\n\t\t\t\t\t\t\t\t\t<p><strong>ARTICOLI DI GIORNALE :<\/strong><\/p><ul><li><a href=\"http:\/\/www.liberabg.it\/l\/wp-content\/uploads\/2018\/06\/Pagine-da-Eco_20141011.pdf\">L\u2019Eco di Bergamo, 11 ottobre 2014<\/a><\/li><li><a href=\"http:\/\/www.liberabg.it\/l\/wp-content\/uploads\/2018\/06\/2014.01.03-EdBg-p39-Bene-Confiscato-Terno1.pdf\">L&#8217;Eco di Bergamo, 03 gennaio 2014<\/a><\/li><\/ul>\t\t\t\t\t\t\t\t<\/div>\n\t\t\t\t<\/div>\n\t\t\t\t\t<\/div>\n\t\t<\/div>\n\t\t\t\t\t<\/div>\n\t\t<\/section>\n\t\t\t\t<section class=\"elementor-section elementor-top-section elementor-element elementor-element-53243c0 elementor-section-boxed elementor-section-height-default elementor-section-height-default\" data-id=\"53243c0\" data-element_type=\"section\" data-e-type=\"section\">\n\t\t\t\t\t\t<div class=\"elementor-container elementor-column-gap-default\">\n\t\t\t\t\t<div class=\"elementor-column elementor-col-100 elementor-top-column elementor-element elementor-element-ea8771a\" data-id=\"ea8771a\" data-element_type=\"column\" data-e-type=\"column\">\n\t\t\t<div class=\"elementor-widget-wrap elementor-element-populated\">\n\t\t\t\t\t\t<div class=\"elementor-element elementor-element-13965f5 elementor-widget elementor-widget-text-editor\" data-id=\"13965f5\" data-element_type=\"widget\" data-e-type=\"widget\" data-widget_type=\"text-editor.default\">\n\t\t\t\t<div class=\"elementor-widget-container\">\n\t\t\t\t\t\t\t\t\t<p><strong>DOCUMENTI VARI:<\/strong><\/p>\n<ul>\n<li><a href=\"http:\/\/www.liberabg.it\/l\/wp-content\/uploads\/2018\/06\/piantine-alloggio.pdf\">Piantine alloggio<\/a><\/li>\n<li><a href=\"http:\/\/www.liberabg.it\/l\/wp-content\/uploads\/2018\/06\/Volantino-inaugurazione-terno.pdf\">Volantino inaugurazione Terno<\/a><\/li>\n<\/ul>\t\t\t\t\t\t\t\t<\/div>\n\t\t\t\t<\/div>\n\t\t\t\t\t<\/div>\n\t\t<\/div>\n\t\t\t\t\t<\/div>\n\t\t<\/section>\n\t\t\t\t<\/div>\n\t\t","protected":false},"excerpt":{"rendered":"<p>TERNO D&#8217;ISOLA, Via Boccaccio: VILLA Questo bene \u00e8 stato confiscato alla mafia ed \u00e8 diventato un&#8217;abitazione per padri in difficolt\u00e0. Il bene \u00e8 stato restituito alla collettivit\u00e0 ed \u00e8 stato inaugurato sabato 11 Ottobre 2014 sotto il nome di &#8220;Casa dei pap\u00e0&#8221;. \u00a0 ARTICOLI DI GIORNALE : L\u2019Eco di Bergamo, &hellip;<\/p>\n","protected":false},"author":5,"featured_media":0,"parent":369,"menu_order":0,"comment_status":"closed","ping_status":"closed","template":"","meta":{"jetpack_post_was_ever_published":false,"footnotes":""},"class_list":["post-810","page","type-page","status-publish","hentry"],"jetpack_sharing_enabled":true,"jetpack_shortlink":"https:\/\/wp.me\/P7YFQD-d4","_links":{"self":[{"href":"http:\/\/www.liberabg.it\/index.php\/wp-json\/wp\/v2\/pages\/810","targetHints":{"allow":["GET"]}}],"collection":[{"href":"http:\/\/www.liberabg.it\/index.php\/wp-json\/wp\/v2\/pages"}],"about":[{"href":"http:\/\/www.liberabg.it\/index.php\/wp-json\/wp\/v2\/types\/page"}],"author":[{"embeddable":true,"href":"http:\/\/www.liberabg.it\/index.php\/wp-json\/wp\/v2\/users\/5"}],"replies":[{"embeddable":true,"href":"http:\/\/www.liberabg.it\/index.php\/wp-json\/wp\/v2\/comments?post=810"}],"version-history":[{"count":7,"href":"http:\/\/www.liberabg.it\/index.php\/wp-json\/wp\/v2\/pages\/810\/revisions"}],"predecessor-version":[{"id":1539,"href":"http:\/\/www.liberabg.it\/index.php\/wp-json\/wp\/v2\/pages\/810\/revisions\/1539"}],"up":[{"embeddable":true,"href":"http:\/\/www.liberabg.it\/index.php\/wp-json\/wp\/v2\/pages\/369"}],"wp:attachment":[{"href":"http:\/\/www.liberabg.it\/index.php\/wp-json\/wp\/v2\/media?parent=810"}],"curies":[{"name":"wp","href":"https:\/\/api.w.org\/{rel}","templated":true}]}}