{"id":377,"date":"2016-10-06T22:20:49","date_gmt":"2016-10-06T20:20:49","guid":{"rendered":"http:\/\/www.liberabg.it\/l\/?page_id=377"},"modified":"2024-05-21T21:01:02","modified_gmt":"2024-05-21T19:01:02","slug":"presidi","status":"publish","type":"page","link":"http:\/\/www.liberabg.it\/index.php\/presidi\/","title":{"rendered":"Presidi"},"content":{"rendered":"<h3>Presidi<\/h3>\n<p>I <strong>Presidi<\/strong> sono la presenza pi\u00f9 prossima di Libera nelle <strong>comunit\u00e0 locali<\/strong>. Sono formati da aderenti a Libera e possono nascere anche nelle <strong>scuole<\/strong>, nelle <strong>universit\u00e0<\/strong> o nei <strong>luoghi di lavoro<\/strong>.<br \/>La nascita di un Presidio avviene attraverso un percorso formativo coordinato dal Referente Provinciale. I Presidi sono legati al coordinamento provinciale tramite un &#8220;<strong>Patto di Presidio<\/strong>&#8220;, documento che contiene gli impegni del Presidio per l&#8217;anno successivo.<br \/>Ogni presidio \u00e8 intitolato a persone che si siano distinte nella lotta contro le mafie o a vittime innocenti di mafia.<\/p>\n<p>Sono presenti sul nostro territorio tre presidi:<\/p>\n<ul>\n<li>il <a href=\"http:\/\/www.liberabg.it\/l\/presidi\/isola-bergamasca-e-valle-imagna-gaetano-giordano-e-rita-atria\/\" target=\"_blank\" rel=\"noopener\"><strong>Presidio dell&#8217;Isola Bergamasca e Valle Imagna<\/strong>, intitolato a Gaetano Giordano e Rita Atria<\/a><\/li>\n<li>il <a href=\"http:\/\/www.liberabg.it\/l\/presidi\/bassa-pianura-bergamasca-testimoni-di-giustizia\/\" target=\"_blank\" rel=\"noopener\"><strong>Presidio della Bassa Bergamasca<\/strong>, intitolato ai Testimoni di Giustizia<\/a><\/li>\n<li>il <a href=\"http:\/\/www.liberabg.it\/index.php\/presidi\/val-seriana\/\" target=\"_blank\" rel=\"noopener\"><strong>Presidio della Val Seriana<\/strong>, intitolato a Alessandro Ferrari e Cristina Mazzotti<\/a><\/li>\n<li><strong>il <a href=\"https:\/\/www.liberabg.it\/index.php\/presidi\/valcavallina-pietro-sanua-e-eleonora-cantamessa\/\">Presidio della Valcavallina<\/a><\/strong><a href=\"https:\/\/www.liberabg.it\/index.php\/presidi\/valcavallina-pietro-sanua-e-eleonora-cantamessa\/\">, intitolato a Pietro Sanua e Eleonora Cantamessa<\/a><\/li>\n<\/ul>\n\n\n<p><\/p>\n\n\n\n<p><\/p>\n","protected":false},"excerpt":{"rendered":"<p>Presidi I Presidi sono la presenza pi\u00f9 prossima di Libera nelle comunit\u00e0 locali. Sono formati da aderenti a Libera e possono nascere anche nelle scuole, nelle universit\u00e0 o nei luoghi di lavoro.La nascita di un Presidio avviene attraverso un percorso formativo coordinato dal Referente Provinciale. I Presidi sono legati al &hellip;<\/p>\n","protected":false},"author":1,"featured_media":0,"parent":0,"menu_order":0,"comment_status":"closed","ping_status":"closed","template":"","meta":{"jetpack_post_was_ever_published":false,"footnotes":""},"class_list":["post-377","page","type-page","status-publish","hentry"],"jetpack_sharing_enabled":true,"jetpack_shortlink":"https:\/\/wp.me\/P7YFQD-65","_links":{"self":[{"href":"http:\/\/www.liberabg.it\/index.php\/wp-json\/wp\/v2\/pages\/377","targetHints":{"allow":["GET"]}}],"collection":[{"href":"http:\/\/www.liberabg.it\/index.php\/wp-json\/wp\/v2\/pages"}],"about":[{"href":"http:\/\/www.liberabg.it\/index.php\/wp-json\/wp\/v2\/types\/page"}],"author":[{"embeddable":true,"href":"http:\/\/www.liberabg.it\/index.php\/wp-json\/wp\/v2\/users\/1"}],"replies":[{"embeddable":true,"href":"http:\/\/www.liberabg.it\/index.php\/wp-json\/wp\/v2\/comments?post=377"}],"version-history":[{"count":11,"href":"http:\/\/www.liberabg.it\/index.php\/wp-json\/wp\/v2\/pages\/377\/revisions"}],"predecessor-version":[{"id":2228,"href":"http:\/\/www.liberabg.it\/index.php\/wp-json\/wp\/v2\/pages\/377\/revisions\/2228"}],"wp:attachment":[{"href":"http:\/\/www.liberabg.it\/index.php\/wp-json\/wp\/v2\/media?parent=377"}],"curies":[{"name":"wp","href":"https:\/\/api.w.org\/{rel}","templated":true}]}}