{"id":2212,"date":"2024-05-20T17:22:59","date_gmt":"2024-05-20T15:22:59","guid":{"rendered":"https:\/\/www.liberabg.it\/?page_id=2212"},"modified":"2024-05-21T20:55:38","modified_gmt":"2024-05-21T18:55:38","slug":"valcavallina-pietro-sanua-e-eleonora-cantamessa","status":"publish","type":"page","link":"http:\/\/www.liberabg.it\/index.php\/presidi\/valcavallina-pietro-sanua-e-eleonora-cantamessa\/","title":{"rendered":"Valcavallina &#8220;Pietro Sanua e Eleonora Cantamessa&#8221;"},"content":{"rendered":"\t\t<div data-elementor-type=\"wp-page\" data-elementor-id=\"2212\" class=\"elementor elementor-2212\">\n\t\t\t\t\t\t<section class=\"elementor-section elementor-top-section elementor-element elementor-element-34d9414c elementor-section-boxed elementor-section-height-default elementor-section-height-default\" data-id=\"34d9414c\" data-element_type=\"section\" data-e-type=\"section\">\n\t\t\t\t\t\t<div class=\"elementor-container elementor-column-gap-default\">\n\t\t\t\t\t<div class=\"elementor-column elementor-col-100 elementor-top-column elementor-element elementor-element-b46cb35\" data-id=\"b46cb35\" data-element_type=\"column\" data-e-type=\"column\">\n\t\t\t<div class=\"elementor-widget-wrap elementor-element-populated\">\n\t\t\t\t\t\t<div class=\"elementor-element elementor-element-6ebc437 elementor-widget elementor-widget-text-editor\" data-id=\"6ebc437\" data-element_type=\"widget\" data-e-type=\"widget\" data-widget_type=\"text-editor.default\">\n\t\t\t\t<div class=\"elementor-widget-container\">\n\t\t\t\t\t\t\t\t\t<h3 style=\"font-style: normal; font-variant-ligatures: normal; font-variant-caps: normal; text-align: center;\">Presidio Valcavallina<\/h3><h3 style=\"font-style: normal; font-variant-ligatures: normal; font-variant-caps: normal; text-align: center;\">&#8220;Pietro Sanua e Eleonora Cantamessa&#8221;<\/h3>\t\t\t\t\t\t\t\t<\/div>\n\t\t\t\t<\/div>\n\t\t\t\t<div class=\"elementor-element elementor-element-925209c elementor-widget elementor-widget-image\" data-id=\"925209c\" data-element_type=\"widget\" data-e-type=\"widget\" data-widget_type=\"image.default\">\n\t\t\t\t<div class=\"elementor-widget-container\">\n\t\t\t\t\t\t\t\t\t\t\t\t\t\t\t<img decoding=\"async\" width=\"100\" height=\"101\" src=\"https:\/\/www.liberabg.it\/l\/wp-content\/uploads\/2024\/05\/logo-valcavallina.png\" class=\"attachment-thumbnail size-thumbnail wp-image-2214\" alt=\"\" \/>\t\t\t\t\t\t\t\t\t\t\t\t\t\t\t<\/div>\n\t\t\t\t<\/div>\n\t\t\t\t<div class=\"elementor-element elementor-element-28cddae elementor-widget elementor-widget-heading\" data-id=\"28cddae\" data-element_type=\"widget\" data-e-type=\"widget\" data-widget_type=\"heading.default\">\n\t\t\t\t<div class=\"elementor-widget-container\">\n\t\t\t\t\t<h2 class=\"elementor-heading-title elementor-size-default\">Il presidio di Libera Valcavallina nasce il 1 dicembre 2023  a Trescore Balneario in Valcavallina.\nE\u2019 intitolato a due vittime innocenti: Pietro Sanua vittima della \u2018ndrangheta, assassinato a Corsico (MI) il 5 febbraio 1995 e Eleonora Cantamessa uccisa a Chiuduno (Bg) l\u2019 8 settembre 2013, mentre soccorreva un uomo ferito sul ciglio della strada durante una rissa fra due bande.\n<\/h2>\t\t\t\t<\/div>\n\t\t\t\t<\/div>\n\t\t\t\t<div class=\"elementor-element elementor-element-2b0b8499 elementor-widget elementor-widget-text-editor\" data-id=\"2b0b8499\" data-element_type=\"widget\" data-e-type=\"widget\" data-widget_type=\"text-editor.default\">\n\t\t\t\t<div class=\"elementor-widget-container\">\n\t\t\t\t\t\t\t\t\t<p>Referente: Francesco Pellegrini<\/p><p>Sede: Oratorio di Trescore Balneario (24069), via Antonio Locatelli, 108.<br \/>Email: <a href=\"mailto:pres.valcavallina@territoriale.libera.it\">pres.valcavallina@territoriale.libera.it<\/a><\/p><p><a href=\"https:\/\/www.facebook.com\/profile.php?id=61559607668432&amp;locale=it_IT\" target=\"_blank\" rel=\"noopener\">Pagina Facebook<\/a><\/p><h4><span style=\"color: #f7921c;\">Pietro Sanua<\/span><\/h4><h4><span style=\"color: #f7921c;\"><img fetchpriority=\"high\" decoding=\"async\" class=\"wp-image-2215 size-medium aligncenter\" src=\"http:\/\/www.liberabg.it\/l\/wp-content\/uploads\/2024\/05\/pietro-sanua-300x169.jpg\" alt=\"\" width=\"300\" height=\"169\" srcset=\"http:\/\/www.liberabg.it\/l\/wp-content\/uploads\/2024\/05\/pietro-sanua-300x169.jpg 300w, http:\/\/www.liberabg.it\/l\/wp-content\/uploads\/2024\/05\/pietro-sanua-355x200.jpg 355w, http:\/\/www.liberabg.it\/l\/wp-content\/uploads\/2024\/05\/pietro-sanua.jpg 546w\" sizes=\"(max-width: 300px) 100vw, 300px\" \/><\/span><\/h4><p>Pietro \u00e8 un commerciante ambulante di ortofrutta, un sindacalista dei venditori ambulanti della confesercenti e anche fondatore di SOS impresa per combattere usura e illegalit\u00e0 nel settore dei mercati.<\/p><p>Viene ucciso a colpi di lupara il 5 febbraio del 1995, all\u2019et\u00e0 di 46 anni, mentre si recava con il suo furgone e con il figlio Lorenzo ad allestire la sua bancarella di ortofrutta al mercato. Solo dopo 15 anni il suo assassinio viene riconosciuto come fatto di &#8216;ndrangheta e inserito nell\u2019elenco delle vittime innocenti di mafia. E solo recentemente, dopo 28 anni di silenzio e impunit\u00e0, si \u00e8 individuata una pista concreta di indagine perch\u00e9 Pietro possa avere giustizia.<\/p><p>In tutti questi anni il figlio Lorenzo, si \u00e8 battuto instancabilmente per avere giustizia,\u00a0 e\u00a0 con Libera ha fatto conoscere la sua storia ai giovani nelle scuole e a tutti noi.<\/p><p>Libera Bergamo ha conosciuto la figura di Pietro Sanua grazie ai molteplici incontri con Lorenzo.<\/p><p>Grazie alla sua testimonianza ha potuto riconoscere nella figura di Pietro, il sacrificio e l\u2019onest\u00e0 di tanti commercianti ambulanti bergamaschi che ogni giorno animano i mercati dei tanti paesi della nostra provincia.\u00a0 Pietro si \u00e8 battuto perch\u00e9 in quel mondo ci sia il rispetto della legalit\u00e0 e dei diritti di tutti\u00a0 quei lavoratori. Ha pagato per questo lottando contro i tentativi della criminalit\u00e0 organizzata di esercitare il suo potere anche su quei mercati come come avviene in tanti altri settori dell\u2019economia del nostro Paese.\u00a0<\/p><p>Libera Bergamo, grazie all\u2019impegno di suo figlio Lorenzo e alla sua disponibilit\u00e0 ha potuto conoscere approfonditamente molti aspetti della vita e della lotta di suo padre, contribuendone notevolmente alla conoscenza e valorizzando l\u2019impegno di Libera Bergamo sul tema della memoria\u00a0 delle vittime innocenti di mafia.\u00a0<\/p><h4><span style=\"color: #f7921c;\">Eleonora Cantamessa<\/span><\/h4><p><img decoding=\"async\" class=\"wp-image-2216 size-medium aligncenter\" src=\"http:\/\/www.liberabg.it\/l\/wp-content\/uploads\/2024\/05\/eleonora-cantamessa-239x300.jpg\" alt=\"\" width=\"239\" height=\"300\" srcset=\"http:\/\/www.liberabg.it\/l\/wp-content\/uploads\/2024\/05\/eleonora-cantamessa-239x300.jpg 239w, http:\/\/www.liberabg.it\/l\/wp-content\/uploads\/2024\/05\/eleonora-cantamessa-160x200.jpg 160w, http:\/\/www.liberabg.it\/l\/wp-content\/uploads\/2024\/05\/eleonora-cantamessa.jpg 253w\" sizes=\"(max-width: 239px) 100vw, 239px\" \/><\/p><p>Eleonora \u00a0era una ginecologa di 44 anni, molto nota nel territorio Trescore Balneario e della Valcavallina per la sua dedizione e per la sua generosit\u00e0 nei confronti delle persone fragili e in difficolt\u00e0\u00a0 che spesso assisteva gratuitamente.\u00a0 La sua morte \u00e8 avvenuta tragicamente la sera dell\u20198 settembre 2013, al ritorno dal lavoro in clinica, mentre si fermava e assisteva una persona ferita sul ciglio di una strada provinciale nei pressi di Chiuduno (Bg), nel contesto di uno scontro violento tra due gruppi di persone.\u00a0 Eleonora si \u00e8 fermata, ha chiesto telefonicamente aiuto al 118\u00a0 e poi si \u00e8 dedicata completamente al soccorso del ferito, a\u00a0 testimonianza del suo grande altruismo e senso civico.\u00a0 E\u2019 stata uccisa, investita dall\u2019auto di uno dei protagonisti della rissa che ha\u00a0 puntato verso la persona ferita a terra travolgendo anche la sua soccorritrice.\u00a0\u00a0\u00a0<\/p><p>Eleonora Cantamessa non \u00e8 presente nell\u2019elenco nazionale delle vittime innocenti della criminalit\u00e0 organizzata, n\u00e9 nel suo caso specifico\u00a0 si \u00e8 potuto esplicitamente configurare come criminalit\u00e0 organizzata la natura dei gruppi che in quell\u2019occasione si sono scontrati.\u00a0\u00a0<\/p><p>La tragica storia che ha avuto per drammatica protagonista Eleonora Cantamessa ha commosso l&#8217;intero paese, al punto da essere soprannominata &#8220;dottoressa coraggio&#8221;. Sin dalle settimane immediatamente successive alla sua morte, numerosi sono stati premi e riconoscimenti ufficiali attribuiti tra cui la Medaglia d\u2019oro al valor civile (alla memoria) e Medaglia d\u2019oro al Merito della Sanit\u00e0 pubblica (alla memoria).<\/p><p>Il presidio di Libera viene dedicato anche a Eleonora Cantamessa per lo spessore umano della vittima innocente, i valori di solidariet\u00e0\u00a0 e\u00a0 generosit\u00e0 che essa rappresenta\u00a0 per\u00a0 il territorio della Valcavallina.<\/p>\t\t\t\t\t\t\t\t<\/div>\n\t\t\t\t<\/div>\n\t\t\t\t\t<\/div>\n\t\t<\/div>\n\t\t\t\t\t<\/div>\n\t\t<\/section>\n\t\t\t\t<\/div>\n\t\t","protected":false},"excerpt":{"rendered":"<p>Presidio Valcavallina &#8220;Pietro Sanua e Eleonora Cantamessa&#8221; Il presidio di Libera Valcavallina nasce il 1 dicembre 2023 a Trescore Balneario in Valcavallina. E\u2019 intitolato a due vittime innocenti: Pietro Sanua vittima della \u2018ndrangheta, assassinato a Corsico (MI) il 5 febbraio 1995 e Eleonora Cantamessa uccisa a Chiuduno (Bg) l\u2019 8 &hellip;<\/p>\n","protected":false},"author":7,"featured_media":0,"parent":377,"menu_order":0,"comment_status":"closed","ping_status":"closed","template":"","meta":{"jetpack_post_was_ever_published":false,"footnotes":""},"class_list":["post-2212","page","type-page","status-publish","hentry"],"jetpack_sharing_enabled":true,"jetpack_shortlink":"https:\/\/wp.me\/P7YFQD-zG","_links":{"self":[{"href":"http:\/\/www.liberabg.it\/index.php\/wp-json\/wp\/v2\/pages\/2212","targetHints":{"allow":["GET"]}}],"collection":[{"href":"http:\/\/www.liberabg.it\/index.php\/wp-json\/wp\/v2\/pages"}],"about":[{"href":"http:\/\/www.liberabg.it\/index.php\/wp-json\/wp\/v2\/types\/page"}],"author":[{"embeddable":true,"href":"http:\/\/www.liberabg.it\/index.php\/wp-json\/wp\/v2\/users\/7"}],"replies":[{"embeddable":true,"href":"http:\/\/www.liberabg.it\/index.php\/wp-json\/wp\/v2\/comments?post=2212"}],"version-history":[{"count":7,"href":"http:\/\/www.liberabg.it\/index.php\/wp-json\/wp\/v2\/pages\/2212\/revisions"}],"predecessor-version":[{"id":2223,"href":"http:\/\/www.liberabg.it\/index.php\/wp-json\/wp\/v2\/pages\/2212\/revisions\/2223"}],"up":[{"embeddable":true,"href":"http:\/\/www.liberabg.it\/index.php\/wp-json\/wp\/v2\/pages\/377"}],"wp:attachment":[{"href":"http:\/\/www.liberabg.it\/index.php\/wp-json\/wp\/v2\/media?parent=2212"}],"curies":[{"name":"wp","href":"https:\/\/api.w.org\/{rel}","templated":true}]}}